{"id":36,"date":"2025-07-01T06:08:49","date_gmt":"2025-07-01T06:08:49","guid":{"rendered":"https:\/\/reservation.bojett.com\/?page_id=36"},"modified":"2025-08-09T20:12:54","modified_gmt":"2025-08-09T18:12:54","slug":"faq","status":"publish","type":"page","link":"https:\/\/groupreservation.bojett.com\/de\/faq\/","title":{"rendered":"FAQ"},"content":{"rendered":"<details class=\"wp-block-details is-layout-flow wp-block-details-is-layout-flow\"><summary>Kann ich mit dem Gruppenreservierungsprozess Tickets f\u00fcr meine Gruppe kaufen?<\/summary>\n<p>Der Gruppenreservierungsprozess deckt nur die Sitzpl\u00e4tze auf dem Sitzplan ab. Alle Mitglieder der Gruppe m\u00fcssen ihr Ticket weiterhin \u00fcber ihr eigenes switzerlan.ch-Konto kaufen.<\/p>\n<\/details>\n\n\n\n<div style=\"height:20px\" aria-hidden=\"true\" class=\"wp-block-spacer\"><\/div>\n\n\n\n<details class=\"wp-block-details is-layout-flow wp-block-details-is-layout-flow\"><summary>Was passiert, wenn wir weniger Personen sind, als im Formular angegeben?<\/summary>\n<p>Schreibe katzenfan9000 eine Direktnachricht auf Discord.<\/p>\n<\/details>\n\n\n\n<div style=\"height:20px\" aria-hidden=\"true\" class=\"wp-block-spacer\"><\/div>\n\n\n\n<details class=\"wp-block-details is-layout-flow wp-block-details-is-layout-flow\"><summary>Was passiert, wenn wir mehr Personen sind, als im Formular angegeben?<\/summary>\n<p>Schreibe katzenfan9000 eine Direktnachricht auf Discord. Nach dem 17.09.2025 k\u00f6nnen wir nicht garantieren, dass wir Platz f\u00fcr die zus\u00e4tzlichen Personen schaffen k\u00f6nnen.<\/p>\n<\/details>\n\n\n\n<div style=\"height:20px\" aria-hidden=\"true\" class=\"wp-block-spacer\"><\/div>\n\n\n\n<p><\/p>\n\n\n\n<details class=\"wp-block-details is-layout-flow wp-block-details-is-layout-flow\"><summary>What happens if we don&#8217;t fulfill the two 2\/3(66%) and 3\/3 Ticket(100%) &#8211; deadlines?<\/summary>\n<p>If your group doesn\u2019t meet the ticket purchase targets by each deadline, we start releasing some of your reserved seats so other people can book them.<\/p>\n\n\n\n<p><\/p>\n\n\n\n<p><strong>Example:<\/strong><br>-Your group originally reserved <strong>22 seats<\/strong>.<br>-By the <strong>2\/3 deadline<\/strong>(66%), at least <strong>14 seats<\/strong> need to be paid for (because 2\/3 of 22 is about 14).<br>-But only <strong>12 people<\/strong> in your group have bought tickets.<\/p>\n\n\n\n<p><\/p>\n\n\n\n<p><\/p>\n\n\n\n<p>Since you\u2019re short by 2 tickets, we reduce your reservation to match the 2\/3 rule:<\/p>\n\n\n\n<ol class=\"wp-block-list\">\n<li>Take the number of paid seats (<strong>12<\/strong>).<\/li>\n\n\n\n<li>Divide by 2 and multiply by 3 \u2192 <strong>(12 \u00f7 2) \u00d7 3 = 18 seats<\/strong> you\u2019re allowed to keep.<\/li>\n\n\n\n<li>You originally had 22 seats, so <strong>22 \u2212 18 = 4 seats<\/strong> are released to the public.<\/li>\n<\/ol>\n\n\n\n<p><\/p>\n\n\n\n<p>This ensures your group only reserve seats in proportion to the number of tickets you\u2019ve actually bought by each deadline.<\/p>\n\n\n\n<p><br>Same process will also be done for the 100% rule.<\/p>\n\n\n\n<p><\/p>\n<\/details>\n\n\n\n<div style=\"height:21px\" aria-hidden=\"true\" class=\"wp-block-spacer\"><\/div>\n\n\n\n<details class=\"wp-block-details is-layout-flow wp-block-details-is-layout-flow\"><summary>Welche Regeln gelten f\u00fcr die Dekoration unserer Pl\u00e4tze an der LAN?<\/summary>\n<p>Aufgrund der strengen Notfall- und Brandschutzvorschriften der Halle d\u00fcrft ihr keine Gegenst\u00e4nde mitbringen, die in den G\u00e4ngen zwischen den Sitzpl\u00e4tzen platziert werden. Wir erlauben euch, Banner und Roll-ups eures Clans aufzustellen, wenn diese am Ende der Reihe flach am Tisch platziert werden. Bitte beachtet unsere AGB und dass wir vor Ort entscheiden k\u00f6nnen, ob eine Installation entfernt werden muss.<\/p>\n<\/details>","protected":false},"excerpt":{"rendered":"","protected":false},"author":1,"featured_media":0,"parent":0,"menu_order":0,"comment_status":"closed","ping_status":"closed","template":"","meta":{"footnotes":""},"class_list":["post-36","page","type-page","status-publish","hentry"],"_links":{"self":[{"href":"https:\/\/groupreservation.bojett.com\/de\/wp-json\/wp\/v2\/pages\/36","targetHints":{"allow":["GET"]}}],"collection":[{"href":"https:\/\/groupreservation.bojett.com\/de\/wp-json\/wp\/v2\/pages"}],"about":[{"href":"https:\/\/groupreservation.bojett.com\/de\/wp-json\/wp\/v2\/types\/page"}],"author":[{"embeddable":true,"href":"https:\/\/groupreservation.bojett.com\/de\/wp-json\/wp\/v2\/users\/1"}],"replies":[{"embeddable":true,"href":"https:\/\/groupreservation.bojett.com\/de\/wp-json\/wp\/v2\/comments?post=36"}],"version-history":[{"count":21,"href":"https:\/\/groupreservation.bojett.com\/de\/wp-json\/wp\/v2\/pages\/36\/revisions"}],"predecessor-version":[{"id":126,"href":"https:\/\/groupreservation.bojett.com\/de\/wp-json\/wp\/v2\/pages\/36\/revisions\/126"}],"wp:attachment":[{"href":"https:\/\/groupreservation.bojett.com\/de\/wp-json\/wp\/v2\/media?parent=36"}],"curies":[{"name":"wp","href":"https:\/\/api.w.org\/{rel}","templated":true}]}}